{"id":1261,"date":"2020-10-05T20:59:10","date_gmt":"2020-10-05T23:59:10","guid":{"rendered":"https:\/\/isfd97-bue.infd.edu.ar\/sitio\/?page_id=1261"},"modified":"2020-10-05T20:59:10","modified_gmt":"2020-10-05T23:59:10","slug":"nuestra-mision","status":"publish","type":"page","link":"https:\/\/isfd97-bue.infd.edu.ar\/sitio\/nuestra-mision\/","title":{"rendered":"Nuestra Misi\u00f3n"},"content":{"rendered":"<p>M\u00e1s de 100 a\u00f1os nos avalan en la ciudad de La Plata como instituci\u00f3n en todos los niveles. Como Instituto de Formaci\u00f3n Docente, nuestra misi\u00f3n es formar profesionales docentes capaces de ense\u00f1ar y transmitir los conocimientos y valores necesarios para la formaci\u00f3n integral de las personas, el desarrollo nacional y la construcci\u00f3n de una sociedad m\u00e1s justa. Fomentando la participaci\u00f3n democr\u00e1tica y el valor de la justicia, propiciando un fuerte compromiso de directivos y dirigentes, docentes y estudiantes, logrando que disfruten del hacer y sientan orgullo de pertenecer.<\/p>\n<p><strong><em>Nuestra acci\u00f3n<\/em><\/strong><\/p>\n<p>\u00b7\u00a0\u00a0\u00a0\u00a0\u00a0\u00a0\u00a0\u00a0 Preparar para el ejercicio profesional de la docencia en primaria \u00a0y secundaria \u00a0educativo, con un perfil participativo dentro del Sistema Democr\u00e1tico, con alto compromiso y respeto por la tarea de educar .<\/p>\n<p>\u00b7\u00a0\u00a0\u00a0\u00a0\u00a0\u00a0\u00a0\u00a0 Brindar formaci\u00f3n profesional, actualizaci\u00f3n y especializaci\u00f3n permanente en las \u00e1reas del saber docente, de acuerdo con las necesidades culturales y productivas locales, regionales y provinciales.<\/p>\n<p>\u00b7\u00a0\u00a0\u00a0\u00a0\u00a0\u00a0\u00a0\u00a0 Profundizar los procesos de democratizaci\u00f3n en la Educaci\u00f3n Superior, contribuir a la producci\u00f3n y distribuci\u00f3n equitativa del conocimiento y asegurar la igualdad de oportunidades y posibilidades.<\/p>\n<p>\u00b7\u00a0\u00a0\u00a0\u00a0\u00a0\u00a0\u00a0\u00a0 Articular regionalmente la oferta educativa de los diferentes tipos de Instituciones que la integran.<\/p>\n<p>\u00b7\u00a0\u00a0\u00a0\u00a0\u00a0\u00a0\u00a0\u00a0 Promover una adecuada diversificaci\u00f3n de los estudios de Nivel Superior que atiendan tanto a las expectativas y demandas de la poblaci\u00f3n, como a los requerimientos del desarrollo cultural y econ\u00f3mico del medio local, regional, de la Provincia y de la Naci\u00f3n.<\/p>\n","protected":false},"excerpt":{"rendered":"<p>M\u00e1s de 100 a\u00f1os nos avalan en la ciudad de La Plata como instituci\u00f3n en todos los niveles. Como Instituto de Formaci\u00f3n Docente, nuestra misi\u00f3n es formar profesionales docentes capaces de ense\u00f1ar y transmitir los conocimientos y valores necesarios para la formaci\u00f3n integral de las personas, el desarrollo nacional y la construcci\u00f3n de una sociedad &#8230; <a title=\"Nuestra Misi\u00f3n\" class=\"read-more\" href=\"https:\/\/isfd97-bue.infd.edu.ar\/sitio\/nuestra-mision\/\" aria-label=\"More on Nuestra Misi\u00f3n\">[+]<\/a><\/p>\n","protected":false},"author":427,"featured_media":0,"parent":0,"menu_order":0,"comment_status":"closed","ping_status":"closed","template":"","meta":[],"acf":[],"_links":{"self":[{"href":"https:\/\/isfd97-bue.infd.edu.ar\/sitio\/wp-json\/wp\/v2\/pages\/1261"}],"collection":[{"href":"https:\/\/isfd97-bue.infd.edu.ar\/sitio\/wp-json\/wp\/v2\/pages"}],"about":[{"href":"https:\/\/isfd97-bue.infd.edu.ar\/sitio\/wp-json\/wp\/v2\/types\/page"}],"author":[{"embeddable":true,"href":"https:\/\/isfd97-bue.infd.edu.ar\/sitio\/wp-json\/wp\/v2\/users\/427"}],"replies":[{"embeddable":true,"href":"https:\/\/isfd97-bue.infd.edu.ar\/sitio\/wp-json\/wp\/v2\/comments?post=1261"}],"version-history":[{"count":1,"href":"https:\/\/isfd97-bue.infd.edu.ar\/sitio\/wp-json\/wp\/v2\/pages\/1261\/revisions"}],"predecessor-version":[{"id":1262,"href":"https:\/\/isfd97-bue.infd.edu.ar\/sitio\/wp-json\/wp\/v2\/pages\/1261\/revisions\/1262"}],"wp:attachment":[{"href":"https:\/\/isfd97-bue.infd.edu.ar\/sitio\/wp-json\/wp\/v2\/media?parent=1261"}],"curies":[{"name":"wp","href":"https:\/\/api.w.org\/{rel}","templated":true}]}}