{"id":884,"date":"2018-08-29T15:54:01","date_gmt":"2018-08-29T18:54:01","guid":{"rendered":"https:\/\/isfd97-bue.infd.edu.ar\/sitio\/docentes\/"},"modified":"2023-11-17T19:10:51","modified_gmt":"2023-11-17T22:10:51","slug":"docentes","status":"publish","type":"page","link":"https:\/\/isfd97-bue.infd.edu.ar\/sitio\/docentes\/","title":{"rendered":"Docentes"},"content":{"rendered":"<p style=\"text-align: center;\"><strong>PROFESORADO DE INGLES-PROFESORES 2021<\/strong><\/p>\n<table>\n<tbody>\n<tr>\n<td colspan=\"3\" width=\"589\"><strong>\u00a0<\/strong><strong>1\u00b0 A\u00d1O<\/strong><\/p>\n<p><strong>\u00a0<\/strong><\/td>\n<\/tr>\n<tr>\n<td width=\"47\">1.<\/td>\n<td width=\"345\"><strong>CFPP I-COMPONENTES DEL TRABAJO DOCENTE I<\/strong><\/p>\n<p><strong>\u00a0<\/strong><\/td>\n<td width=\"196\"><strong>\u00a0<\/strong><\/p>\n<p><strong>PROF. GIRALDE<\/strong><\/td>\n<\/tr>\n<tr>\n<td width=\"47\">2.<\/td>\n<td width=\"345\"><strong>PR\u00c1CTICAS DISCURSIVAS DE LA COM. <\/strong><strong>ESCRITA I<\/strong><\/td>\n<td width=\"196\"><strong>PROF. PENNELLA<\/strong><\/td>\n<\/tr>\n<tr>\n<td width=\"47\">3.<\/td>\n<td width=\"345\"><strong>PR\u00c1CTICAS DISCURSIVAS DE LA COM. <\/strong><strong>ORAL I<\/strong><\/td>\n<td width=\"196\"><strong>PROF. GHIORZI<\/strong><\/td>\n<\/tr>\n<tr>\n<td width=\"47\">4.<\/td>\n<td width=\"345\"><strong>PROBLEM\u00c1TICAS SOCIO INSTITUCIONALES<\/strong><\/td>\n<td width=\"196\"><strong>PROF. GONZ\u00c1LEZ REFOJO<\/strong><\/p>\n<p><strong>\u00a0<\/strong><\/td>\n<\/tr>\n<tr>\n<td width=\"47\">5.<\/td>\n<td width=\"345\"><strong>ESTUDIOS INTERCULTURALES EN LENGUA INGLESA I<\/strong><\/td>\n<td width=\"196\"><strong>PROF. MAZZEI<\/strong><\/p>\n<p><strong>\u00a0<\/strong><\/td>\n<\/tr>\n<tr>\n<td width=\"47\">6.<\/td>\n<td width=\"345\"><strong>INTRODUCCION AL INGL\u00c9S CON FINES ACAD\u00c9MICOS<\/strong><\/td>\n<td width=\"196\"><strong>PROF. MAZZEI<\/strong><\/p>\n<p><strong>\u00a0<\/strong><\/td>\n<\/tr>\n<tr>\n<td width=\"47\">7.<\/td>\n<td width=\"345\"><strong>DID\u00c1CTICA\u00a0 GENERAL<\/strong><\/td>\n<td width=\"196\"><strong>PROF.\u00a0 F. FONTANA<\/strong><\/p>\n<p><strong>\u00a0<\/strong><\/td>\n<\/tr>\n<tr>\n<td width=\"47\">8.<\/td>\n<td width=\"345\"><strong>PR\u00c1CTICAS DISCURSIVAS DEL \u00c1MBITO ACAD\u00c9MICO ESPA\u00d1OL<\/strong><\/td>\n<td width=\"196\"><\/td>\n<\/tr>\n<tr>\n<td colspan=\"3\" width=\"589\"><strong>\u00a0<\/strong><strong>2\u00b0 A\u00d1O<\/strong><\/p>\n<p><strong>\u00a0<\/strong><\/td>\n<\/tr>\n<tr>\n<td width=\"47\">1.<\/td>\n<td width=\"345\"><strong>CFPP II- <\/strong><strong>LA CONSTRUCCI\u00d3N DEL TRABAJO DOCENTE EN LA ESCUELA PRIMARIA Y SECUNDARIA<\/strong><\/td>\n<td width=\"196\"><strong>\u00a0<\/strong><\/p>\n<p><strong>PROF. GIRALDE<\/strong><\/td>\n<\/tr>\n<tr>\n<td width=\"47\">2.<\/td>\n<td width=\"345\"><strong>PR\u00c1CTICAS DISCURSIVAS DE LA COM. <\/strong><strong>ESCRITA II<\/strong><\/td>\n<td width=\"196\"><strong>PROF. MAZZEI<\/strong><\/td>\n<\/tr>\n<tr>\n<td width=\"47\">3.<\/td>\n<td width=\"345\"><strong>PR\u00c1CTICAS DISCURSIVAS DE LA COM. <\/strong><strong>ORAL II<\/strong><\/td>\n<td width=\"196\"><strong>PROF. MARTINO<\/strong><\/td>\n<\/tr>\n<tr>\n<td width=\"47\">4.<\/td>\n<td width=\"345\"><strong>HISTORIA Y POL\u00cdTICA DE LA EDUCACI\u00d3N ARGENTINA<\/strong><\/td>\n<td width=\"196\"><strong>\u00a0<\/strong><\/p>\n<p><strong>\u00a0<\/strong><\/td>\n<\/tr>\n<tr>\n<td width=\"47\">5.<\/td>\n<td width=\"345\"><strong>ESTUDIOS INTERCULTURALES EN LENGUA INGLESA II<\/strong><\/td>\n<td width=\"196\"><strong>PROF. ROMINA GUZM\u00c1N (suplente de Patricia Guzm\u00e1n) <\/strong><\/p>\n<p><strong>\u00a0<\/strong><\/td>\n<\/tr>\n<tr>\n<td width=\"47\">6.<\/td>\n<td width=\"345\"><strong>LITERATURA EN LENGUA INGLESA Y NI\u00d1EZ<\/strong><\/td>\n<td width=\"196\"><strong>PROF. MARIANELA ESTEVEZ (suplente de Patricia Guzm\u00e1n) <\/strong><\/td>\n<\/tr>\n<tr>\n<td width=\"47\">7.<\/td>\n<td width=\"345\"><strong>PERSPECTIVAS ACERCA DE LOS SUJETOS DE LA\u00a0 EDUCACI\u00d3N<\/strong><\/td>\n<td width=\"196\"><strong>PROF. FARELA<\/strong><\/td>\n<\/tr>\n<tr>\n<td width=\"47\">8.<\/td>\n<td width=\"345\"><strong>ENSE\u00d1AR CON TECNOLOG\u00cdAS<\/strong><\/td>\n<td width=\"196\"><strong>PROF. LACUNZA<\/strong><\/p>\n<p><strong>\u00a0<\/strong><\/td>\n<\/tr>\n<tr>\n<td width=\"47\">9.<\/td>\n<td width=\"345\"><strong>FUNDAMENTOS DE \u00a0LA ENSE\u00d1ANZA Y APRENDIZAJE DEL INGL\u00c9S I<\/strong><\/td>\n<td width=\"196\"><strong>PROF. PENNELLA<\/strong><\/td>\n<\/tr>\n<tr>\n<td colspan=\"3\" width=\"589\"><strong>\u00a0<\/strong><strong>3\u00b0 A\u00d1O<\/strong><\/p>\n<p><strong>\u00a0<\/strong><\/td>\n<\/tr>\n<tr>\n<td width=\"47\">1<\/td>\n<td width=\"345\"><strong>CFPP III- <\/strong><strong>LA CONSTRUCCI\u00d3N DE LA TAREAS DOCENTE ESPEC\u00cdFICA EN LA ENSE\u00d1ANZA DEL NIVEL PRIMARIO<\/strong><\/td>\n<td width=\"196\"><strong>\u00a0<\/strong><\/p>\n<p><strong>PROF. DI BIN<\/strong><\/td>\n<\/tr>\n<tr>\n<td width=\"47\">2<\/td>\n<td width=\"345\"><strong>PR\u00c1CTICAS DISCURSIVAS DE LA COM. ESCRITA III<\/strong><\/td>\n<td width=\"196\"><strong>PROF. PENNELLA<\/strong><\/td>\n<\/tr>\n<tr>\n<td width=\"47\">3<\/td>\n<td width=\"345\"><strong>PR\u00c1CTICAS DISCURSIVAS DE LA COM. <\/strong><strong>ORAL III<\/strong><\/td>\n<td width=\"196\"><strong>PROF. BARBONI<\/strong><\/td>\n<\/tr>\n<tr>\n<td width=\"47\">4<\/td>\n<td width=\"345\"><strong>FILOSOFIA Y EDUCACION<\/strong><\/td>\n<td width=\"196\"><strong>\u00a0<\/strong><\/p>\n<p><strong>\u00a0<\/strong><\/td>\n<\/tr>\n<tr>\n<td width=\"47\">5<\/td>\n<td width=\"345\"><strong>ESTUDIOS INTERCULTURALES EN LENGUA INGLESA III<\/strong><\/td>\n<td width=\"196\"><strong>PROF. CASTELLANI <\/strong><\/td>\n<\/tr>\n<tr>\n<td width=\"47\">6<\/td>\n<td width=\"345\"><strong>LITERATURA EN<\/strong> <strong>LENGUA INGLESA Y<\/strong><br \/>\n<strong>JUVENTUD<\/strong><\/td>\n<td width=\"196\"><strong>PROF. CASTELLANI <\/strong><\/td>\n<\/tr>\n<tr>\n<td width=\"47\">7<\/td>\n<td width=\"345\"><strong>EDUCACION PARA LA DIVERSIDAD<\/strong><\/p>\n<p><strong>\u00a0<\/strong><\/td>\n<td width=\"196\"><strong>PROF. PALACIOS<\/strong><\/td>\n<\/tr>\n<tr>\n<td width=\"47\">8<\/td>\n<td width=\"345\"><strong>SEGUNDA LENGUA EXTRANJERA (FRANC\u00c9S) <\/strong><\/td>\n<td width=\"196\"><strong>PROF. BERENGUER<\/strong><\/td>\n<\/tr>\n<tr>\n<td width=\"47\">9<\/td>\n<td width=\"345\"><strong>FUNDAMENTOS DE \u00a0LA ENSE\u00d1ANZA Y APRENDIZAJE DEL INGL\u00c9S II<\/strong><\/td>\n<td width=\"196\"><strong>PROF. CASTELLANI<\/strong><\/td>\n<\/tr>\n<tr>\n<td width=\"47\">10<\/td>\n<td width=\"345\"><strong>ORATORIA Y RET\u00d3RICA DOCENTE<\/strong><\/p>\n<p><strong>\u00a0<\/strong><\/td>\n<td width=\"196\"><strong>\u00a0<\/strong><\/td>\n<\/tr>\n<tr>\n<td colspan=\"3\" width=\"589\"><strong>\u00a0<\/strong><\/p>\n<p><strong>4\u00b0 A\u00d1O<\/strong><\/p>\n<p><strong>\u00a0<\/strong><\/td>\n<\/tr>\n<tr>\n<td width=\"47\"><\/td>\n<td width=\"345\"><strong>CFPP3\u00a0 LA CONSTRUCCI\u00d3N DEL ROL DOCENTE EN LA ENSE\u00d1ANZA EN EL NIVEL SECUNDARIO<\/strong><\/td>\n<td width=\"196\"><strong>\u00a0<\/strong><\/p>\n<p><strong>PROF. BARBONI <\/strong><\/td>\n<\/tr>\n<tr>\n<td width=\"47\"><\/td>\n<td width=\"345\"><strong>PR\u00c1CTICAS DISCURSIVAS DE LA COM. <\/strong><strong>ESCRITA IV<\/strong><\/td>\n<td width=\"196\"><strong>PROF. NOSENZO<\/strong><\/td>\n<\/tr>\n<tr>\n<td width=\"47\"><\/td>\n<td width=\"345\"><strong>PR\u00c1CTICAS DISCURSIVAS DE LA COM. <\/strong><strong>ORAL IV<\/strong><\/td>\n<td width=\"196\"><strong>PROF. CENDOYA<\/strong><\/td>\n<\/tr>\n<tr>\n<td width=\"47\"><\/td>\n<td width=\"345\"><strong>AN\u00c1LISIS E INTERVENCI\u00d3N<\/strong><\/p>\n<p><strong>EN SITUACIONES DE CONVIVENCIA ESCOLAR<\/strong><\/td>\n<td width=\"196\"><strong>PROF. PIATTI<\/strong><\/p>\n<p><strong>\u00a0<\/strong><\/td>\n<\/tr>\n<tr>\n<td width=\"47\"><\/td>\n<td width=\"345\"><strong>ESTUDIOS INTERCULTURALES EN LENGUA INGLESA IV<\/strong><\/td>\n<td width=\"196\"><strong>PROF. FERNANDEZ<\/strong><\/td>\n<\/tr>\n<tr>\n<td width=\"47\"><\/td>\n<td width=\"345\"><strong>LITERATURA EN<\/strong> <strong>LENGUA INGLESA Y<\/strong><br \/>\n<strong>JUVENTUD<\/strong><\/td>\n<td width=\"196\"><strong>PROF. CASTELLANI <\/strong><\/td>\n<\/tr>\n<tr>\n<td width=\"47\"><\/td>\n<td width=\"345\"><strong>FUNDAMENTOS DE \u00a0LA ENSE\u00d1ANZA Y APRENDIZAJE DEL INGL\u00c9S III<\/strong><\/td>\n<td width=\"196\"><strong>PROF. MARCHEL (suplente de Dabove)<\/strong><\/p>\n<p><strong>\u00a0<\/strong><\/td>\n<\/tr>\n<tr>\n<td width=\"47\"><\/td>\n<td width=\"345\"><strong>TUTOR\u00cdAS Y ORIENTACI\u00d3N ESCOLAR<\/strong><\/p>\n<p><strong>\u00a0<\/strong><\/td>\n<td width=\"196\"><strong>\u00a0<\/strong><\/td>\n<\/tr>\n<tr>\n<td width=\"47\"><\/td>\n<td width=\"345\"><strong>EDI (<\/strong><strong>ENFOQUE INTERCULTURAL DE LA ENSE\u00d1ANZA DEL INGL\u00c9S)<\/strong><\/td>\n<td width=\"196\"><strong>\u00a0<\/strong><\/td>\n<\/tr>\n<\/tbody>\n<\/table>\n<p><span style=\"text-decoration: underline;\"><span style=\"font-size: 8pt;\"><strong><span style=\"font-family: verdana, geneva;\">Docentes del Profesorado de Educaci\u00f3n Primaria<\/span><\/strong><\/span><\/span><\/p>\n<table border=\"1\" cellspacing=\"0\">\n<tbody>\n<tr>\n<td>\n<h5><span style=\"font-size: 8pt; font-family: verdana, geneva;\"><strong>Espacio Curricular (o Materia)<\/strong><\/span><\/h5>\n<\/td>\n<td>\n<h5><span style=\"font-size: 8pt; font-family: verdana, geneva;\"><strong>Docente<br \/>\n<\/strong><\/span><\/h5>\n<\/td>\n<\/tr>\n<tr>\n<td style=\"text-align: center;\" colspan=\"2\">\n<h5><span style=\"text-decoration: underline; font-size: 8pt; font-family: verdana, geneva;\"><strong><strong>PRIMER A\u00d1O<\/strong><br \/>\n<\/strong><\/span><\/h5>\n<\/td>\n<\/tr>\n<tr>\n<td>\n<h5><span style=\"font-family: verdana, geneva; font-size: 8pt;\">Taller de Lectura, Escritura y Oralidad<\/span><\/h5>\n<\/td>\n<td>\n<h5><span style=\"font-family: verdana, geneva;\"><span style=\"font-size: 10.6667px;\">Valeria Curuchaga<\/span><\/span><\/h5>\n<\/td>\n<\/tr>\n<tr>\n<td>\n<h5><span style=\"font-family: verdana, geneva; font-size: 8pt;\">Taller de Pensamiento L\u00f3gico-Matem\u00e1tico<\/span><\/h5>\n<\/td>\n<td>\n<h5><span style=\"font-family: verdana, geneva; font-size: 8pt;\">Sabrina Pozzi<\/span><\/h5>\n<\/td>\n<\/tr>\n<tr>\n<td>\n<h5><span style=\"font-family: verdana, geneva; font-size: 8pt;\">Taller de Definici\u00f3n Institucional<\/span><\/h5>\n<\/td>\n<td>\n<h5><span style=\"font-family: verdana, geneva; font-size: 8pt;\">Adri\u00e1n Baraibar<\/span><\/h5>\n<\/td>\n<\/tr>\n<tr>\n<td>\n<h5><span style=\"font-family: verdana, geneva; font-size: 8pt;\">Filosof\u00eda<\/span><\/h5>\n<\/td>\n<td>\n<h5><span style=\"font-family: verdana, geneva;\"><span style=\"font-size: 10.6667px;\">Juan Manuel Fontana<\/span><\/span><\/h5>\n<\/td>\n<\/tr>\n<tr>\n<td>\n<h5><span style=\"font-family: verdana, geneva; font-size: 8pt;\">Did\u00e1ctica General<\/span><\/h5>\n<\/td>\n<td>\n<h5><span style=\"font-family: verdana, geneva; font-size: 8pt;\">Susana\u00a0Giannatassio<\/span><\/h5>\n<\/td>\n<\/tr>\n<tr>\n<td>\n<h5><span style=\"font-family: verdana, geneva; font-size: 8pt;\">Pedagog\u00eda\u00a0<\/span><\/h5>\n<\/td>\n<td>\n<h5><span style=\"font-family: verdana, geneva; font-size: 8pt;\">Maite Guiamet\/Paula Espinosa<\/span><\/h5>\n<\/td>\n<\/tr>\n<tr>\n<td>\n<h5><span style=\"font-family: verdana, geneva; font-size: 8pt;\">An\u00e1lisis del Mundo Contemporaneo<\/span><\/h5>\n<\/td>\n<td>\n<h5><span style=\"font-family: verdana, geneva;\"><span style=\"font-size: 10.6667px;\">Sabrina Orlowsky<\/span><\/span><\/h5>\n<\/td>\n<\/tr>\n<tr>\n<td>\n<h5><span style=\"font-family: verdana, geneva; font-size: 8pt;\">Psicolog\u00eda del Desarrollo y el Aprendizaje I<\/span><\/h5>\n<\/td>\n<td>\n<h5><span style=\"font-family: verdana, geneva; font-size: 8pt;\">Vanesa Piatti<\/span><\/h5>\n<\/td>\n<\/tr>\n<tr>\n<td>\n<h5><span style=\"font-family: verdana, geneva; font-size: 8pt;\">Corporeidad y Motricidad\u00a0<\/span><\/h5>\n<\/td>\n<td>\n<h5><span style=\"font-family: verdana, geneva; font-size: 8pt;\">Juan Pablo Paracampo<\/span><\/h5>\n<\/td>\n<\/tr>\n<tr>\n<td>\n<h5><span style=\"font-family: verdana, geneva; font-size: 8pt;\">Arte y Educaci\u00f3n<\/span><\/h5>\n<\/td>\n<td>\n<h5><span style=\"font-family: verdana, geneva; font-size: 8pt;\">Marina Panfili<\/span><\/h5>\n<\/td>\n<\/tr>\n<tr>\n<td>\n<h5><span style=\"font-family: verdana, geneva; font-size: 8pt;\">Campo de la Pr\u00e1ctica Docente I<\/span><\/h5>\n<\/td>\n<td>\n<h5><span style=\"font-family: verdana, geneva; font-size: 8pt;\">Guillermo Almada<\/span><\/h5>\n<\/td>\n<\/tr>\n<tr>\n<td><strong><span style=\"font-family: verdana, geneva; font-size: 8pt;\">Aptitud Fonoaudiol\u00f3gica<\/span><\/strong><\/td>\n<td><strong><span style=\"font-family: verdana, geneva; font-size: 8pt;\">Stella Torres<\/span><\/strong><\/td>\n<\/tr>\n<tr>\n<td style=\"text-align: center;\" colspan=\"2\"><span style=\"text-decoration: underline; font-family: verdana, geneva; font-size: 8pt;\"><strong>SEGUNDO A\u00d1O<\/strong><\/span><\/td>\n<\/tr>\n<tr>\n<td><strong><span style=\"font-family: verdana, geneva; font-size: 8pt;\">Teor\u00edas Sociopol\u00edticas y Educativas<\/span><\/strong><\/td>\n<td><strong><span style=\"font-family: verdana, geneva; font-size: 8pt;\">Laura Guiamet<\/span><\/strong><\/td>\n<\/tr>\n<tr>\n<td><span style=\"font-family: verdana, geneva; font-size: 8pt;\"><span style=\"font-family: verdana, geneva;\"><span style=\"font-size: 8pt;\"><b>Did\u00e1ctica y <\/b><\/span><span style=\"font-size: 10.6667px;\"><b>Curr\u00edculum<\/b><\/span><span style=\"font-size: 8pt;\"><b>\u00a0de Nivel Primario<\/b><\/span><\/span><\/span><\/td>\n<td><strong><span style=\"font-family: verdana, geneva; font-size: 8pt;\">Susana Giannatassio<\/span><\/strong><\/td>\n<\/tr>\n<tr>\n<td><strong><span style=\"font-family: verdana, geneva; font-size: 8pt;\">Psicolog\u00eda del Desarrollo y el Aprendizaje II<\/span><\/strong><\/td>\n<td><span style=\"font-family: verdana, geneva;\"><span style=\"font-size: 10.6667px;\"><span style=\"font-family: verdana, geneva;\"><span style=\"font-size: 10.6667px;\"><b>N\u00e9stor Peralta\/Tamara Sparti<\/b><\/span><\/span><\/span><\/span><\/td>\n<\/tr>\n<tr>\n<td><strong><span style=\"font-family: verdana, geneva; font-size: 8pt;\">Cultura, Comunicaci\u00f3n y Educaci\u00f3n<\/span><\/strong><\/td>\n<td><strong><span style=\"font-family: verdana, geneva; font-size: 8pt;\">Ana de la\u00a0Torre<\/span><\/strong><\/td>\n<\/tr>\n<tr>\n<td><strong><span style=\"font-family: verdana, geneva; font-size: 8pt;\">Educaci\u00f3n Art\u00edstica<\/span><\/strong><\/td>\n<td><strong><span style=\"font-family: verdana, geneva; font-size: 8pt;\">Veronica Ardenghi<\/span><\/strong><\/td>\n<\/tr>\n<tr>\n<td><strong><span style=\"font-family: verdana, geneva; font-size: 8pt;\">Did\u00e1ctica de Pr\u00e1cticas del Lenguaje I<\/span><\/strong><\/td>\n<td><strong><span style=\"font-family: verdana, geneva; font-size: 8pt;\">Mariana Echeverria<\/span><\/strong><\/td>\n<\/tr>\n<tr>\n<td><strong><span style=\"font-family: verdana, geneva; font-size: 8pt;\">Did\u00e1ctica de las Ciencias Sociales I<\/span><\/strong><\/td>\n<td><strong><span style=\"font-family: verdana, geneva; font-size: 8pt;\">Gabriela Jakel<\/span><\/strong><\/td>\n<\/tr>\n<tr>\n<td><strong><span style=\"font-family: verdana, geneva; font-size: 8pt;\">Did\u00e1ctica de la Matem\u00e1tica I<\/span><\/strong><\/td>\n<td><strong><span style=\"font-family: verdana, geneva; font-size: 8pt;\">Sandra Esp\u00f3sito\/Sabrina Pozzi<\/span><\/strong><\/td>\n<\/tr>\n<tr>\n<td><strong><span style=\"font-family: verdana, geneva; font-size: 8pt;\">Did\u00e1ctica de las Ciencias Naturales I<\/span><\/strong><\/td>\n<td><strong><span style=\"font-family: verdana, geneva; font-size: 8pt;\">Carolina Fiori<\/span><\/strong><\/td>\n<\/tr>\n<tr>\n<td><strong><span style=\"font-family: verdana, geneva; font-size: 8pt;\">Taller Formativo Opcional (TFO)<\/span><\/strong><\/td>\n<td><strong><span style=\"font-family: verdana, geneva; font-size: 8pt;\">Valeria Curuchaga<\/span><\/strong><\/td>\n<\/tr>\n<tr>\n<td><strong><span style=\"font-family: verdana, geneva; font-size: 8pt;\">Campo de la Pr\u00e1ctica Docente II\u00a0<\/span><\/strong><\/td>\n<td><strong><span style=\"font-family: verdana, geneva; font-size: 8pt;\">Susana Antonini- Lucas Rey<\/span><\/strong><\/td>\n<\/tr>\n<tr>\n<td><strong><span style=\"font-family: verdana, geneva; font-size: 8pt;\">Psicolog\u00eda Social e Institucional<\/span><\/strong><\/td>\n<td><strong><span style=\"font-family: verdana, geneva; font-size: 8pt;\">Mar\u00eda Mercedes Foti<\/span><\/strong><\/td>\n<\/tr>\n<tr>\n<td style=\"text-align: center;\" colspan=\"2\"><strong><span style=\"text-decoration: underline; font-family: verdana, geneva; font-size: 8pt;\">TERCER A\u00d1O<\/span><\/strong><\/td>\n<\/tr>\n<tr>\n<td><span style=\"font-family: verdana, geneva; font-size: 8pt;\"><span style=\"font-family: verdana, geneva;\"><span style=\"font-size: 8pt;\"><b>Historia y <\/b><\/span><span style=\"font-size: 10.6667px;\"><b>Prospectiva<\/b><\/span><span style=\"font-size: 8pt;\"><b>\u00a0de la Educaci\u00f3n<\/b><\/span><\/span><\/span><\/td>\n<td><strong><span style=\"font-family: verdana, geneva; font-size: 8pt;\">Viviana Moroni<\/span><\/strong><\/td>\n<\/tr>\n<tr>\n<td><strong><span style=\"font-family: verdana, geneva; font-size: 8pt;\">Pol\u00edticas Legislativas y Administraci\u00f3n Escolar<\/span><\/strong><\/td>\n<td><strong><span style=\"font-family: verdana, geneva; font-size: 8pt;\">Julieta Dubini<\/span><\/strong><\/td>\n<\/tr>\n<tr>\n<td>\n<h5><span style=\"font-family: verdana, geneva; font-size: 8pt;\">Configuraciones Culturales del Sujeto Educativo de Primaria<\/span><\/h5>\n<\/td>\n<td>\n<h5><span style=\"font-family: verdana, geneva; font-size: 8pt;\">Paola Farela<\/span><\/h5>\n<\/td>\n<\/tr>\n<tr>\n<td>\n<h5><span style=\"font-family: verdana, geneva; font-size: 8pt;\">Medios Audiovisuales, TICS y Educaci\u00f3n\u00a0<\/span><\/h5>\n<\/td>\n<td>\n<h5><span style=\"font-family: verdana, geneva; font-size: 8pt;\">Mat\u00edas Delm\u00e9nico<\/span><\/h5>\n<\/td>\n<\/tr>\n<tr>\n<td>\n<h5><span style=\"font-family: verdana, geneva; font-size: 8pt;\">Educaci\u00f3n F\u00edsica Escolar<\/span><\/h5>\n<\/td>\n<td>\n<h5><span style=\"font-family: verdana, geneva; font-size: 8pt;\">Anabel Marcatili<\/span><\/h5>\n<\/td>\n<\/tr>\n<tr>\n<td>\n<h5><span style=\"font-family: verdana, geneva; font-size: 8pt;\">Did\u00e1ctica de Pr\u00e1cticas del Lenguaje y La Literatura II<\/span><\/h5>\n<\/td>\n<td>\n<h5>Daniela Mart\u00ednez D\u00b4el\u00eda<\/h5>\n<\/td>\n<\/tr>\n<tr>\n<td>\n<h5><span style=\"font-family: verdana, geneva; font-size: 8pt;\">Did\u00e1ctica de las Ciencias Sociales II<\/span><\/h5>\n<\/td>\n<td>\n<h5><span style=\"font-family: verdana, geneva; font-size: 8pt;\">Gabriela Jakel<\/span><\/h5>\n<\/td>\n<\/tr>\n<tr>\n<td>\n<h5><span style=\"font-family: verdana, geneva; font-size: 8pt;\">Did\u00e1ctica de la Matem\u00e1tica II<\/span><\/h5>\n<\/td>\n<td>\n<h5>Adriana Gonz\u00e1lez<\/h5>\n<\/td>\n<\/tr>\n<tr>\n<td>\n<h5><span style=\"font-family: verdana, geneva; font-size: 8pt;\">Did\u00e1ctica de las Ciencias Naturales II<\/span><\/h5>\n<\/td>\n<td>\n<h5><span style=\"font-family: verdana, geneva; font-size: 8pt;\">Sara Martin<\/span><\/h5>\n<\/td>\n<\/tr>\n<tr>\n<td>\n<h5><span style=\"font-family: verdana, geneva; font-size: 8pt;\">Taller Formativo Opcional (se dicta en 4\u00aa)<\/span><\/h5>\n<\/td>\n<td>\n<h5><span style=\"font-family: verdana, geneva; font-size: 8pt;\">Gast\u00f3n Figueiredo Cabanas<\/span><\/h5>\n<\/td>\n<\/tr>\n<tr>\n<td>\n<h5><span style=\"font-family: verdana, geneva; font-size: 8pt;\">Campo de la Pr\u00e1ctica Docente III<\/span><\/h5>\n<\/td>\n<td>\n<h5><span style=\"font-family: verdana, geneva; font-size: 8pt;\">Adriana D&#8217;Assaro\/Eduardo Ruiz Chaves-Mariana Mendes<\/span><\/h5>\n<\/td>\n<\/tr>\n<tr>\n<td style=\"text-align: center;\" colspan=\"2\">\n<h5><span style=\"font-family: verdana, geneva; font-size: 8pt;\">\u00a0<span style=\"text-decoration: underline;\"><strong>CUARTO A\u00d1O<\/strong><\/span><\/span><\/h5>\n<\/td>\n<\/tr>\n<tr>\n<td>\n<h5><span style=\"font-family: verdana, geneva; font-size: 8pt;\">Ateneo de Lengua<\/span><\/h5>\n<\/td>\n<td>\n<h5><span style=\"font-family: verdana, geneva; font-size: 8pt;\">Mariana Echeverria<\/span><\/h5>\n<\/td>\n<\/tr>\n<tr>\n<td>\n<h5><span style=\"font-family: verdana, geneva; font-size: 8pt;\">Ateneo de Matem\u00e1tica<\/span><\/h5>\n<\/td>\n<td>\n<h5><span style=\"font-family: verdana, geneva; font-size: 8pt;\">Sandra Esp\u00f3sito\/Sabrina Pozzi<\/span><\/h5>\n<\/td>\n<\/tr>\n<tr>\n<td>\n<h5><span style=\"font-family: verdana, geneva; font-size: 8pt;\">Ateneo de Ciencias Sociales<\/span><\/h5>\n<\/td>\n<td>\n<h5><span style=\"font-family: verdana, geneva; font-size: 8pt;\">Mariano Angulo<\/span><\/h5>\n<\/td>\n<\/tr>\n<tr>\n<td>\n<h5><span style=\"font-family: verdana, geneva; font-size: 8pt;\">Ateneo de Ciencias Naturales<\/span><\/h5>\n<\/td>\n<td>\n<h5><span style=\"font-family: verdana, geneva; font-size: 8pt;\">Sara Martin<\/span><\/h5>\n<\/td>\n<\/tr>\n<tr>\n<td>\n<h5><span style=\"font-family: verdana, geneva; font-size: 8pt;\">Pedagog\u00eda Cr\u00edtica de las Diferencias<\/span><\/h5>\n<\/td>\n<td>\n<h5><span style=\"font-family: verdana, geneva; font-size: 8pt;\">Laura Poch\/Eduardo Ruiz Chaves<\/span><\/h5>\n<\/td>\n<\/tr>\n<tr>\n<td>\n<h5><span style=\"font-family: verdana, geneva; font-size: 8pt;\">Reflexi\u00f3n Filos\u00f3fica de la Educaci\u00f3n<\/span><\/h5>\n<\/td>\n<td>\n<h5><span style=\"font-family: verdana, geneva; font-size: 8pt;\">Juan Manuel Fontana<\/span><\/h5>\n<\/td>\n<\/tr>\n<tr>\n<td>\n<h5><span style=\"font-family: verdana, geneva; font-size: 8pt;\">Campo de la Pr\u00e1ctica Docente IV<\/span><\/h5>\n<\/td>\n<td>\n<h5><span style=\"font-family: verdana, geneva; font-size: 8pt;\">Carolina Molina<\/span><\/h5>\n<\/td>\n<\/tr>\n<tr>\n<td>\n<h5><span style=\"font-family: verdana, geneva; font-size: 8pt;\">Dimensi\u00f3n Etico-Politica de la Praxis Docente<\/span><\/h5>\n<\/td>\n<td>\n<h5><span style=\"font-family: verdana, geneva; font-size: 8pt;\">Mar\u00eda Magal\u00ed P\u00e9rez Fern\u00e1ndez\/Maite Guiamet<\/span><\/h5>\n<\/td>\n<\/tr>\n<\/tbody>\n<\/table>\n","protected":false},"excerpt":{"rendered":"<p>PROFESORADO DE INGLES-PROFESORES 2021 \u00a01\u00b0 A\u00d1O \u00a0 1. CFPP I-COMPONENTES DEL TRABAJO DOCENTE I \u00a0 \u00a0 PROF. GIRALDE 2. PR\u00c1CTICAS DISCURSIVAS DE LA COM. ESCRITA I PROF. PENNELLA 3. PR\u00c1CTICAS DISCURSIVAS DE LA COM. ORAL I PROF. GHIORZI 4. PROBLEM\u00c1TICAS SOCIO INSTITUCIONALES PROF. GONZ\u00c1LEZ REFOJO \u00a0 5. ESTUDIOS INTERCULTURALES EN LENGUA INGLESA I PROF. MAZZEI &#8230; <a title=\"Docentes\" class=\"read-more\" href=\"https:\/\/isfd97-bue.infd.edu.ar\/sitio\/docentes\/\" aria-label=\"More on Docentes\">[+]<\/a><\/p>\n","protected":false},"author":427,"featured_media":0,"parent":0,"menu_order":0,"comment_status":"closed","ping_status":"closed","template":"","meta":[],"acf":[],"_links":{"self":[{"href":"https:\/\/isfd97-bue.infd.edu.ar\/sitio\/wp-json\/wp\/v2\/pages\/884"}],"collection":[{"href":"https:\/\/isfd97-bue.infd.edu.ar\/sitio\/wp-json\/wp\/v2\/pages"}],"about":[{"href":"https:\/\/isfd97-bue.infd.edu.ar\/sitio\/wp-json\/wp\/v2\/types\/page"}],"author":[{"embeddable":true,"href":"https:\/\/isfd97-bue.infd.edu.ar\/sitio\/wp-json\/wp\/v2\/users\/427"}],"replies":[{"embeddable":true,"href":"https:\/\/isfd97-bue.infd.edu.ar\/sitio\/wp-json\/wp\/v2\/comments?post=884"}],"version-history":[{"count":15,"href":"https:\/\/isfd97-bue.infd.edu.ar\/sitio\/wp-json\/wp\/v2\/pages\/884\/revisions"}],"predecessor-version":[{"id":1541,"href":"https:\/\/isfd97-bue.infd.edu.ar\/sitio\/wp-json\/wp\/v2\/pages\/884\/revisions\/1541"}],"wp:attachment":[{"href":"https:\/\/isfd97-bue.infd.edu.ar\/sitio\/wp-json\/wp\/v2\/media?parent=884"}],"curies":[{"name":"wp","href":"https:\/\/api.w.org\/{rel}","templated":true}]}}