{"id":888,"date":"2018-08-29T15:54:02","date_gmt":"2018-08-29T18:54:02","guid":{"rendered":"https:\/\/isfd97-bue.infd.edu.ar\/sitio\/plan-de-estudios-2\/"},"modified":"2024-12-17T19:50:58","modified_gmt":"2024-12-17T22:50:58","slug":"plan-de-estudios-2","status":"publish","type":"page","link":"https:\/\/isfd97-bue.infd.edu.ar\/sitio\/plan-de-estudios-2\/","title":{"rendered":"Plan de Estudios del Profesorado de Educaci\u00f3n Primaria"},"content":{"rendered":"<table style=\"width: 100%; height: 960px;\" border=\"0\" cellspacing=\"0\" cellpadding=\"2\">\n<tbody>\n<tr>\n<td class=\"subHeader\">PLAN DE ESTUDIOS del PROFESORADO EN EDUCACI\u00d3N PRIMARIA:<\/p>\n<p>RESOLUCI\u00d3N MINISTERIAL <a class=\"Estilo1\" href=\"http:\/\/servicios2.abc.gov.ar\/lainstitucion\/organismos\/consejogeneral\/disenioscurriculares\/documentosdescarga\/dcurricularsuperior.pdf\" target=\"_blank\" rel=\"noopener\">4154\/07<\/a><\/p>\n<p>Con una duraci\u00f3n de 4 a\u00f1os.<\/p>\n<p>Turno Vespertino.<\/p>\n<p>Horario: de Lunes a Viernes de 17:30 a 21:40 (y seg\u00fan el a\u00f1o de estudio en algunos d\u00edas se ingresa a las 16.30 hs) y las Pr\u00e1cticas Docentes a contraturno.<\/td>\n<\/tr>\n<tr>\n<td class=\"bodyText\" height=\"446\">\n<div>\n<p><strong><span style=\"text-decoration: underline;\">PRIMER A\u00d1O<\/span><\/strong><\/p>\n<\/div>\n<table border=\"0\" cellspacing=\"0\" cellpadding=\"0\">\n<tbody>\n<tr valign=\"top\">\n<td width=\"334\">TALLE DE LECTURA, ESC.Y ORALIDDAD<\/td>\n<\/tr>\n<tr valign=\"top\">\n<td width=\"334\">TALLER DE PENS. LOG. MATEMAT.<\/td>\n<\/tr>\n<tr valign=\"top\">\n<td width=\"334\">TALLER DE DEFINICION INSTITUCIONAL<\/td>\n<\/tr>\n<tr valign=\"top\">\n<td width=\"334\">FILOSOFIA<\/td>\n<\/tr>\n<tr valign=\"top\">\n<td width=\"334\">DIDACTICA GENERAL<\/td>\n<\/tr>\n<tr valign=\"top\">\n<td width=\"334\">PEDAGOGIA<\/td>\n<\/tr>\n<tr valign=\"top\">\n<td width=\"334\">ANALIISIS DEL MUNDO CONTEMP.<\/td>\n<\/tr>\n<tr valign=\"top\">\n<td width=\"334\">PSICOLOGIA DEL DES. Y EL APRENDIZ.<\/td>\n<\/tr>\n<tr valign=\"top\">\n<td width=\"334\">CORPOREIDAD Y MOTRICIDAD<\/td>\n<\/tr>\n<tr valign=\"top\">\n<td width=\"334\">ARTE Y EDUCACION<\/td>\n<\/tr>\n<tr valign=\"top\">\n<td width=\"334\">CAMPO DE LA PRACTICA DOCENTE I<\/td>\n<\/tr>\n<tr valign=\"top\">\n<td width=\"334\">FONOAUDIOLOGIA<\/td>\n<\/tr>\n<\/tbody>\n<\/table>\n<div>\n<p><strong><span style=\"text-decoration: underline;\">SEGUNDO A\u00d1O<\/span><\/strong><\/p>\n<\/div>\n<table border=\"0\" cellspacing=\"0\" cellpadding=\"0\">\n<tbody>\n<tr valign=\"top\">\n<td width=\"333\">TEORIAS SOCIOPOLITICAS Y EDUCAC.<\/td>\n<\/tr>\n<tr valign=\"top\">\n<td width=\"333\">DIDACTICA Y CURRIC. DE NIVEL PRIM.<\/td>\n<\/tr>\n<tr valign=\"top\">\n<td width=\"333\">PSICOLOGIA DEL DES. Y EL APREND. II<\/td>\n<\/tr>\n<tr valign=\"top\">\n<td width=\"333\">CULTURA, COMUNICACI\u00d3N Y EDUCAC.<\/td>\n<\/tr>\n<tr valign=\"top\">\n<td width=\"333\">EDUCACION ARTISTICA<\/td>\n<\/tr>\n<tr valign=\"top\">\n<td width=\"333\">DIDACTICA DE PRACT.DEL LENG<\/td>\n<\/tr>\n<tr valign=\"top\">\n<td width=\"333\">DIDACTICAS DE LAS CS. SOCIALES<\/td>\n<\/tr>\n<tr valign=\"top\">\n<td width=\"333\">DIDACTICA DE LA MATEMATICA<\/td>\n<\/tr>\n<tr valign=\"top\">\n<td width=\"333\">DIDACTICA DE LAS CS. NATURALES<\/td>\n<\/tr>\n<tr valign=\"top\">\n<td width=\"333\">TALLER FORMATIVO OPTATIVO<\/td>\n<\/tr>\n<tr valign=\"top\">\n<td width=\"333\">CAMPO DE LA PRACTICA DOCENTE II<\/td>\n<\/tr>\n<\/tbody>\n<\/table>\n<div>\n<p><strong><span style=\"text-decoration: underline;\">TERCER A\u00d1O<\/span><\/strong><\/p>\n<\/div>\n<table border=\"0\" cellspacing=\"0\" cellpadding=\"0\">\n<tbody>\n<tr valign=\"top\">\n<td width=\"333\">HISTORIA Y PROSPECTIVA DE LA EDUC.<\/td>\n<\/tr>\n<tr valign=\"top\">\n<td width=\"333\">POLITICAS LEGISL. Y ADM ESCOLAR<\/td>\n<\/tr>\n<tr valign=\"top\">\n<td width=\"333\">CONF. CULTURALES DEL SUJETO<\/td>\n<\/tr>\n<tr valign=\"top\">\n<td width=\"333\">MEDIOS AUDIOVISUALES, TIC&#8217;S Y EDUC.<\/td>\n<\/tr>\n<tr valign=\"top\">\n<td width=\"333\">EDUCACION FISICA ESCOLAR<\/td>\n<\/tr>\n<tr valign=\"top\">\n<td width=\"333\">DIDACTICA DE PRACT.DEL LENG. Y L. III<\/td>\n<\/tr>\n<tr valign=\"top\">\n<td width=\"333\">DICACTICAS DE LAS CS. SOCIALES<\/td>\n<\/tr>\n<tr valign=\"top\">\n<td width=\"333\">DIDACTICA DE LAS CS.NATURALES<\/td>\n<\/tr>\n<tr valign=\"top\">\n<td width=\"333\">DIDACTICA DE LA MATEMATICA<\/td>\n<\/tr>\n<tr valign=\"top\">\n<td width=\"333\">TALLER FORMATIVO OPCIONAL<\/td>\n<\/tr>\n<tr valign=\"top\">\n<td width=\"333\">CAMPO DE LA PRACTICA DOCENTE III<\/td>\n<\/tr>\n<\/tbody>\n<\/table>\n<div>\n<p><strong><span style=\"text-decoration: underline;\">CUARTO A\u00d1O<\/span><\/strong><\/p>\n<\/div>\n<table border=\"0\" cellspacing=\"0\" cellpadding=\"0\">\n<tbody>\n<tr valign=\"top\">\n<td width=\"333\">ATENEO DE LENGUA<\/td>\n<\/tr>\n<tr valign=\"top\">\n<td width=\"333\">ATENEO DE MATEMATICA<\/td>\n<\/tr>\n<tr valign=\"top\">\n<td width=\"333\">ATENEO DE CS. NATURALES<\/td>\n<\/tr>\n<tr valign=\"top\">\n<td width=\"333\">ATENEO DE CS. SOCIALES<\/td>\n<\/tr>\n<tr valign=\"top\">\n<td width=\"333\">PEDAGOGIA CRITICA DE LAS DIFERENCIAS<\/td>\n<\/tr>\n<tr valign=\"top\">\n<td width=\"333\">REFLEXION FILOSOFICA DE LA EDUCACION<\/td>\n<\/tr>\n<tr valign=\"top\">\n<td width=\"333\">TALLER FORMATIVO OPCIONAL<\/td>\n<\/tr>\n<tr valign=\"top\">\n<td width=\"333\">DIM.\u00a0 ETICO &#8211; POLITICA DE LA PRAXIS DOCENTE<\/td>\n<\/tr>\n<tr valign=\"top\">\n<td width=\"333\">CAMPO DE LA PRACTICA DOCENTE VI<\/td>\n<\/tr>\n<\/tbody>\n<\/table>\n<\/td>\n<\/tr>\n<\/tbody>\n<\/table>\n","protected":false},"excerpt":{"rendered":"<p>PLAN DE ESTUDIOS del PROFESORADO EN EDUCACI\u00d3N PRIMARIA: RESOLUCI\u00d3N MINISTERIAL 4154\/07 Con una duraci\u00f3n de 4 a\u00f1os. Turno Vespertino. Horario: de Lunes a Viernes de 17:30 a 21:40 (y seg\u00fan el a\u00f1o de estudio en algunos d\u00edas se ingresa a las 16.30 hs) y las Pr\u00e1cticas Docentes a contraturno. PRIMER A\u00d1O TALLE DE LECTURA, ESC.Y &#8230; <a title=\"Plan de Estudios del Profesorado de Educaci\u00f3n Primaria\" class=\"read-more\" href=\"https:\/\/isfd97-bue.infd.edu.ar\/sitio\/plan-de-estudios-2\/\" aria-label=\"More on Plan de Estudios del Profesorado de Educaci\u00f3n Primaria\">[+]<\/a><\/p>\n","protected":false},"author":427,"featured_media":0,"parent":0,"menu_order":0,"comment_status":"closed","ping_status":"closed","template":"","meta":[],"acf":[],"_links":{"self":[{"href":"https:\/\/isfd97-bue.infd.edu.ar\/sitio\/wp-json\/wp\/v2\/pages\/888"}],"collection":[{"href":"https:\/\/isfd97-bue.infd.edu.ar\/sitio\/wp-json\/wp\/v2\/pages"}],"about":[{"href":"https:\/\/isfd97-bue.infd.edu.ar\/sitio\/wp-json\/wp\/v2\/types\/page"}],"author":[{"embeddable":true,"href":"https:\/\/isfd97-bue.infd.edu.ar\/sitio\/wp-json\/wp\/v2\/users\/427"}],"replies":[{"embeddable":true,"href":"https:\/\/isfd97-bue.infd.edu.ar\/sitio\/wp-json\/wp\/v2\/comments?post=888"}],"version-history":[{"count":3,"href":"https:\/\/isfd97-bue.infd.edu.ar\/sitio\/wp-json\/wp\/v2\/pages\/888\/revisions"}],"predecessor-version":[{"id":1599,"href":"https:\/\/isfd97-bue.infd.edu.ar\/sitio\/wp-json\/wp\/v2\/pages\/888\/revisions\/1599"}],"wp:attachment":[{"href":"https:\/\/isfd97-bue.infd.edu.ar\/sitio\/wp-json\/wp\/v2\/media?parent=888"}],"curies":[{"name":"wp","href":"https:\/\/api.w.org\/{rel}","templated":true}]}}