{"id":932,"date":"2018-08-29T15:54:21","date_gmt":"2018-08-29T18:54:21","guid":{"rendered":"https:\/\/isfd97-bue.infd.edu.ar\/sitio\/nuevo-diseno-prof-de-ingles-2018\/"},"modified":"2024-12-16T19:52:14","modified_gmt":"2024-12-16T22:52:14","slug":"nuevo-diseno-prof-de-ingles-2018","status":"publish","type":"page","link":"https:\/\/isfd97-bue.infd.edu.ar\/sitio\/nuevo-diseno-prof-de-ingles-2018\/","title":{"rendered":"Plan de estudios vigente (Nuevo Dise\u00f1o Prof de ingl\u00e9s -2018)"},"content":{"rendered":"<p><a href=\"http:\/\/www.enal.com.ar\/archivos\/secciones\/Ingles2018.pdf\">Nuevo Dise\u00f1o Curricular<\/a><\/p>\n<p><a href=\"https:\/\/drive.google.com\/file\/d\/1kCu6i4JFiEAiCPbXRBATykb_10PKp_No\/view?usp=sharing\">Resoluci\u00f3n de creaci\u00f3n<\/a><\/p>\n<p><a href=\"https:\/\/drive.google.com\/file\/d\/1s8NMMh0MONmjJbwLV_ZY348tx-rbMYt-\/view?usp=sharing\">Anexo materias por a\u00f1o<\/a><\/p>\n<p><a href=\"https:\/\/drive.google.com\/file\/d\/1R1pTG0v4dWrzJ4uJavCeN2VFweCszCo6\/view?usp=sharing\">Anexo Apto fonoaudiol\u00f3gico\u00a0<\/a><\/p>\n","protected":false},"excerpt":{"rendered":"<p>Nuevo Dise\u00f1o Curricular Resoluci\u00f3n de creaci\u00f3n Anexo materias por a\u00f1o Anexo Apto fonoaudiol\u00f3gico\u00a0<\/p>\n","protected":false},"author":427,"featured_media":0,"parent":0,"menu_order":0,"comment_status":"closed","ping_status":"closed","template":"","meta":[],"acf":[],"_links":{"self":[{"href":"https:\/\/isfd97-bue.infd.edu.ar\/sitio\/wp-json\/wp\/v2\/pages\/932"}],"collection":[{"href":"https:\/\/isfd97-bue.infd.edu.ar\/sitio\/wp-json\/wp\/v2\/pages"}],"about":[{"href":"https:\/\/isfd97-bue.infd.edu.ar\/sitio\/wp-json\/wp\/v2\/types\/page"}],"author":[{"embeddable":true,"href":"https:\/\/isfd97-bue.infd.edu.ar\/sitio\/wp-json\/wp\/v2\/users\/427"}],"replies":[{"embeddable":true,"href":"https:\/\/isfd97-bue.infd.edu.ar\/sitio\/wp-json\/wp\/v2\/comments?post=932"}],"version-history":[{"count":6,"href":"https:\/\/isfd97-bue.infd.edu.ar\/sitio\/wp-json\/wp\/v2\/pages\/932\/revisions"}],"predecessor-version":[{"id":1587,"href":"https:\/\/isfd97-bue.infd.edu.ar\/sitio\/wp-json\/wp\/v2\/pages\/932\/revisions\/1587"}],"wp:attachment":[{"href":"https:\/\/isfd97-bue.infd.edu.ar\/sitio\/wp-json\/wp\/v2\/media?parent=932"}],"curies":[{"name":"wp","href":"https:\/\/api.w.org\/{rel}","templated":true}]}}